{"id":88,"date":"2018-02-01T12:20:31","date_gmt":"2018-02-01T11:20:31","guid":{"rendered":"http:\/\/amrumferien-nebel.de\/v2018\/?page_id=88"},"modified":"2023-10-20T10:35:25","modified_gmt":"2023-10-20T08:35:25","slug":"anfahrt","status":"publish","type":"page","link":"https:\/\/amrumferien-nebel.de\/?page_id=88","title":{"rendered":"Anfahrt"},"content":{"rendered":"<p>Anfahrt \u00fcber F\u00e4hrhafen Dageb\u00fcll&nbsp;mit dem Auto oder Zug (\u00fcber Nieb\u00fcll)<br \/>\n\u00dcberwachter Parkplatz in Dageb\u00fcll gegen Geb\u00fchr,&nbsp;oder mit dem Auto auf die F\u00e4hre. Fahrt mit der F\u00e4hre \u00fcber F\u00f6hr (2 Std.) \/ direkt (1 1\/2 Std.)<br \/>\nAuf der Insel: Fahrradverleih \/ Bus \/ Taxi<\/p>\n<table class=\"anfahrt\" border=\"0\" width=\"220px\" cellspacing=\"0\" cellpadding=\"0\">\n<tbody>\n<tr>\n<td style=\"text-align: left;\" align=\"left\" valign=\"top\" width=\"auto\">Adresse:<\/td>\n<td align=\"left\" valign=\"top\" width=\"auto\"><strong>NEBEL<\/strong><br \/>\nSm\u00e4swai 1,&nbsp;25946 Amrum&nbsp;<\/p>\n<p><strong>NORDDORF<\/strong><br \/>\nNei Stich 27, 27a, 31a, 31b,&nbsp;25946 Amrum<\/td>\n<\/tr>\n<\/tbody>\n<\/table>\n<p>weitere Informationen:<\/p>\n<p>Routenplaner<br \/>\n<a href=\"https:\/\/www.wdr-wyk.de\" target=\"_blank\" rel=\"noopener\">www.wdr-wyk.de<\/a><br \/>\nF\u00e4hrenfahrplan, Anreise info mit Karte<br \/>\n<a href=\"https:\/\/www.amrum.de\" target=\"_blank\" rel=\"noopener\">www.amrum.de<\/a><\/p>\n<p>Hausverwaltung vor Ort:<br \/>\nFamilie Nolte, Tel: 0170 4773737<\/p>\n<p>&nbsp;<\/p>\n","protected":false},"excerpt":{"rendered":"<div class=\"entry-summary\">\nAnfahrt \u00fcber F\u00e4hrhafen Dageb\u00fcll&nbsp;mit dem Auto oder Zug (\u00fcber Nieb\u00fcll) \u00dcberwachter Parkplatz in Dageb\u00fcll gegen Geb\u00fchr,&nbsp;oder mit dem Auto auf&hellip;\n<\/div>\n<div class=\"link-more\"><a href=\"https:\/\/amrumferien-nebel.de\/?page_id=88\" class=\"more-link\">Continue reading<span class=\"screen-reader-text\"> &ldquo;Anfahrt&rdquo;<\/span>&hellip;<\/a><\/div>\n","protected":false},"author":1,"featured_media":0,"parent":0,"menu_order":10,"comment_status":"closed","ping_status":"closed","template":"","meta":{"_acf_changed":false,"footnotes":""},"class_list":["post-88","page","type-page","status-publish","hentry","entry"],"acf":[],"jetpack_shortlink":"https:\/\/wp.me\/P9Ii4n-1q","jetpack_sharing_enabled":true,"_links":{"self":[{"href":"https:\/\/amrumferien-nebel.de\/index.php?rest_route=\/wp\/v2\/pages\/88","targetHints":{"allow":["GET"]}}],"collection":[{"href":"https:\/\/amrumferien-nebel.de\/index.php?rest_route=\/wp\/v2\/pages"}],"about":[{"href":"https:\/\/amrumferien-nebel.de\/index.php?rest_route=\/wp\/v2\/types\/page"}],"author":[{"embeddable":true,"href":"https:\/\/amrumferien-nebel.de\/index.php?rest_route=\/wp\/v2\/users\/1"}],"replies":[{"embeddable":true,"href":"https:\/\/amrumferien-nebel.de\/index.php?rest_route=%2Fwp%2Fv2%2Fcomments&post=88"}],"version-history":[{"count":9,"href":"https:\/\/amrumferien-nebel.de\/index.php?rest_route=\/wp\/v2\/pages\/88\/revisions"}],"predecessor-version":[{"id":1538,"href":"https:\/\/amrumferien-nebel.de\/index.php?rest_route=\/wp\/v2\/pages\/88\/revisions\/1538"}],"wp:attachment":[{"href":"https:\/\/amrumferien-nebel.de\/index.php?rest_route=%2Fwp%2Fv2%2Fmedia&parent=88"}],"curies":[{"name":"wp","href":"https:\/\/api.w.org\/{rel}","templated":true}]}}