{"id":72,"date":"2018-02-01T11:42:58","date_gmt":"2018-02-01T10:42:58","guid":{"rendered":"http:\/\/amrumferien-nebel.de\/v2018\/?page_id=72"},"modified":"2026-01-16T16:38:38","modified_gmt":"2026-01-16T15:38:38","slug":"nei-stich-31-haus-a-5-bis-7-personen-laufhuette","status":"publish","type":"page","link":"https:\/\/amrumferien-nebel.de\/?page_id=72","title":{"rendered":"Norddorf &#8211; Nei Stich 31a &#8211; Haus f\u00fcr bis zu 7 Personen"},"content":{"rendered":"\n<p><img decoding=\"async\" class=\"alignnone wp-image-252 size-full\" src=\"https:\/\/amrumferien-nebel.de\/v2018\/wp-content\/uploads\/2018\/02\/neistich_haus_a_bild2-1024x642.jpg\" alt=\"\" width=\"100%\" height=\"auto\" srcset=\"https:\/\/amrumferien-nebel.de\/v2018\/wp-content\/uploads\/2018\/02\/neistich_haus_a_bild2-1024x642.jpg 1024w, https:\/\/amrumferien-nebel.de\/v2018\/wp-content\/uploads\/2018\/02\/neistich_haus_a_bild2-300x188.jpg 300w, https:\/\/amrumferien-nebel.de\/v2018\/wp-content\/uploads\/2018\/02\/neistich_haus_a_bild2-768x481.jpg 768w\" sizes=\"(max-width: 1024px) 100vw, 1024px\" \/><\/p><div id=\"rabatt\">ANGEBOT im Juni 2026: <\/br>5 Tage zum Preis von 4 Tagen und 6 Tage zum Preis von 5 Tagen !!!<\/div>\n<pre>Gem\u00fctliches Friesenhaus mit Reetdach, Komfort f\u00fcr bis zu 7 Personen mit Terrasse und Gartennutzung. 4 Schlafzimmer, Wohnzimmer mit Kaminofen, K\u00fcche, Garderobe, G\u00e4ste WC+Du und Vollbad. Das im Juli 2009 fertiggestellte Ferienhaus liegt im am \u00f6stlichen Ortsrand von Norddorf und wurde vom DTV mit <small>\u2605\u2605\u2605\u2605<\/small> ausgezeichnet. \nDer gro\u00dfe, parkartig angelegte Garten kann gemeinsam mit anderen G\u00e4sten genutzt werden.<\/pre>\n<p><div id='traumfewo-calendar-246383' class=\"tfw-calendar-app\" data-base_url='www.traum-ferienwohnungen.de' data-language_id=\"1\" data-startMonth='0' data-numberOfMonths='6' data-listingid='246383'><a id='calendar-link-246383' href='https:\/\/traum-ferienwohnungen.de\/246383'>Ferienhaus Laufh\u00fctte auf traum-ferienwohnungen.de<\/a><\/div><script src=\"https:\/\/static2.traum-ferienwohnungen.de\/vmb-public\/cache\/js\/calendarWidget.js\" type='application\/javascript'><\/script><script type=\"application\/javascript\">function createWidget246383() {var calendarNode = document.getElementById('traumfewo-calendar-246383');var calendarWidget = new window.tfw.CalendarWidget(calendarNode); calendarWidget.throttle(\"resize\", \"optimizedResize\");window.addEventListener('resize', function() {calendarWidget.update();}, false);calendarWidget.init();}window.addEventListener(\"load\",function(event) {createWidget246383();},false);if(window.tfw && window.tfw.CalendarWidget){createWidget246383()}<\/script><\/p>\n<h4>Allgemeines<\/h4>\n<p>Ca. 120 qm Wohnfl\u00e4che, Breitband-Internetzugang \u00fcber WLAN,\u00a0Erdw\u00e4rmezentralheizung,<br \/>Fu\u00dfbodenheizung,\u00a0Nichtraucherwohnung,<br \/>keine Haustiere !<\/p>\n<h4><a href=\"https:\/\/amrumferien-nebel.de\/v2018\/wp-content\/uploads\/2018\/02\/laufhuette_1.jpg\"><img loading=\"lazy\" decoding=\"async\" class=\"alignleft wp-image-275\" style=\"margin-bottom: 30px;\" src=\"https:\/\/amrumferien-nebel.de\/v2018\/wp-content\/uploads\/2018\/02\/laufhuette_1-300x200.jpg\" alt=\"\" width=\"300\" height=\"225\" \/><\/a>Wohnraum \/\u00a0Esszimmer<\/h4>\n<p>Kamin, gem\u00fctliche\u00a0Sitzgelegenheiten,\u00a0Satelliten-TV,\u00a0Stereoanlage mit DVD\/CD-Player,\u00a0gro\u00dfer Esstisch, Kinderhochstuhl<br \/>\n<br \/>\n<br \/>\n<br \/>\n<br \/>\n<h4><a href=\"https:\/\/amrumferien-nebel.de\/v2018\/wp-content\/uploads\/2018\/07\/neistich_31a_kueche.jpg\"><img loading=\"lazy\" decoding=\"async\" class=\"alignleft wp-image-275\" style=\"margin-bottom: 30px;\" src=\"https:\/\/amrumferien-nebel.de\/v2018\/wp-content\/uploads\/2018\/07\/neistich_31a_kueche-300x217.jpg\" alt=\"\" width=\"300\" height=\"217\" \/><\/a>K\u00fcche<\/h4>\n<p>Herd (Ceran) mit Dunstabzug,\u00a0 Backofen,\u00a0K\u00fchlschrank mit <br \/>Gefrierfach, Geschirrsp\u00fclmaschine,\u00a0Mikrowelle, <br \/>Kaffeemaschine,\u00a0Wasserkocher,\u00a0R\u00fchrger\u00e4t,\u00a0Toaster, B\u00fcgelbrett,\u00a0B\u00fcgeleisen<\/p><br \/>\n<br \/>\n<br \/>\n<br \/>\n<h4><a href=\"https:\/\/amrumferien-nebel.de\/v2018\/wp-content\/uploads\/2018\/02\/laufhuette_5.jpg\"><img loading=\"lazy\" decoding=\"async\" class=\"alignleft wp-image-278 size-medium\" style=\"margin-bottom: 30px;\" src=\"https:\/\/amrumferien-nebel.de\/v2018\/wp-content\/uploads\/2018\/02\/laufhuette_5-300x200.jpg\" alt=\"\" width=\"300\" height=\"200\" srcset=\"https:\/\/amrumferien-nebel.de\/v2018\/wp-content\/uploads\/2018\/02\/laufhuette_5-300x200.jpg 300w, https:\/\/amrumferien-nebel.de\/v2018\/wp-content\/uploads\/2018\/02\/laufhuette_5-768x512.jpg 768w, https:\/\/amrumferien-nebel.de\/v2018\/wp-content\/uploads\/2018\/02\/laufhuette_5-1024x683.jpg 1024w\" sizes=\"auto, (max-width: 300px) 100vw, 300px\" \/><\/a>Schlafzimmer<\/h4>\n<p>4 Schlafzimmer\u00a0(2 Doppelbetten, 3 Einzelbetten),\u00a0<br \/>Kleinkinderbett mit Matratze (bis 2 J.) ist vorhanden,\u00a0<br \/>Bettw\u00e4sche wird gestellt.<\/p><br \/>\n<br \/>\n<br \/>\n<h4><a href=\"https:\/\/amrumferien-nebel.de\/v2018\/wp-content\/uploads\/2018\/07\/neistich_31a_schlafzimmer2.jpg\"><img loading=\"lazy\" decoding=\"async\" class=\"alignleft wp-image-278 size-medium\" style=\"margin-bottom: 30px;\" src=\"https:\/\/amrumferien-nebel.de\/v2018\/wp-content\/uploads\/2018\/07\/neistich_31a_schlafzimmer2-300x225.jpg\" alt=\"\" width=\"300\" height=\"225\" \/><\/a>Badezimmer<\/h4>\n<p>1 Vollbad (DG) mit Badewanne, Dusche, 2 Waschbecken und WC,\u00a01 Bad (EG) WC, Waschbecken und Dusche,\u00a0Handt\u00fccher <br \/>inklusive, keine Strand- und Badet\u00fccher<\/p><br \/>\n<br \/>\n<br \/>\n<br \/>\n<h4><a href=\"https:\/\/amrumferien-nebel.de\/v2018\/wp-content\/uploads\/2018\/02\/laufhuette_2.jpg\"><img loading=\"lazy\" decoding=\"async\" class=\"alignleft wp-image-274\" style=\"margin-bottom: 30px;\" src=\"https:\/\/amrumferien-nebel.de\/v2018\/wp-content\/uploads\/2018\/02\/laufhuette_2-300x225.jpg\" alt=\"\" width=\"300\" height=\"225\" srcset=\"https:\/\/amrumferien-nebel.de\/v2018\/wp-content\/uploads\/2018\/02\/laufhuette_2-300x225.jpg 300w, https:\/\/amrumferien-nebel.de\/v2018\/wp-content\/uploads\/2018\/02\/laufhuette_2-768x576.jpg 768w, https:\/\/amrumferien-nebel.de\/v2018\/wp-content\/uploads\/2018\/02\/laufhuette_2.jpg 800w\" sizes=\"auto, (max-width: 300px) 100vw, 300px\" \/><\/a>Au\u00dfenbereich<\/h4>\n<p>Garten mit 6 Gartenst\u00fchlen,\u00a0Tisch, Sonnenschirm, <br \/>Parkplatz,\u00a0Terrasse, Strandkorb, Fahrradst\u00e4nder<\/p>\n<h4>Keller<\/h4>\n<p>Wasch- und Trockenraum im\u00a0Heizkeller,<br \/>Waschmaschine und Trockner mit M\u00fcnzautomat<\/p><br \/>\n<h4><a href=\"https:\/\/amrumferien-nebel.de\/v2018\/wp-content\/uploads\/2018\/02\/laufhuette_4.jpg\"><img loading=\"lazy\" decoding=\"async\" class=\"alignleft wp-image-277\" style=\"margin-bottom: 10px;\" src=\"https:\/\/amrumferien-nebel.de\/v2018\/wp-content\/uploads\/2018\/02\/laufhuette_4-300x200.jpg\" alt=\"\" width=\"300\" height=\"200\" srcset=\"https:\/\/amrumferien-nebel.de\/v2018\/wp-content\/uploads\/2018\/02\/laufhuette_4-300x200.jpg 300w, https:\/\/amrumferien-nebel.de\/v2018\/wp-content\/uploads\/2018\/02\/laufhuette_4-768x512.jpg 768w, https:\/\/amrumferien-nebel.de\/v2018\/wp-content\/uploads\/2018\/02\/laufhuette_4-1024x683.jpg 1024w\" sizes=\"auto, (max-width: 300px) 100vw, 300px\" \/><\/a>Preise<\/h4>\n<p><strong>Saison A (12.06. &#8211; 19.09. \/\u00a020.12. &#8211; 07.01.)<\/strong><br \/>erster Tag 590 EUR*, ab dem zweiten Tag 370 EUR \/ Tag bei 7 Pers.,\u00a0erster Tag 550 EUR*, ab dem zweiten Tag 330 EUR \/ Tag bei 6 Pers.,\u00a0erster Tag 510 EUR*, ab dem zweiten Tag 290 EUR \/ Tag bei 5 Pers., erster Tag 460 EUR*, ab dem zweiten Tag 240 EUR \/ Tag bei 4 Pers.<br \/><br \/><br \/><strong>Saison B (01.03. &#8211; 11.06. \/\u00a020.09. &#8211; 31.10.)<\/strong><br \/>erster Tag 520 EUR*, ab dem zweiten Tag 300 EUR \/ Tag bei 7 Pers.,\u00a0erster Tag 480 EUR*, ab dem zweiten Tag 260 EUR \/ Tag bei 6 Pers.,\u00a0erster Tag 440 EUR*, ab dem zweiten Tag 220 EUR \/ Tag bei 5 Pers., erster Tag 405 EUR*, ab dem zweiten Tag 185 EUR \/ Tag bei 4 Pers.<br \/><br \/><strong>Saison C (08.01. &#8211; 28.02. \/\u00a001.11. &#8211; 19.12.)<\/strong><br \/>erster Tag 420 EUR*, ab dem zweiten Tag 200 EUR \/ Tag bei 7 Pers.,\u00a0erster Tag 390 EUR*, ab dem zweiten Tag 170 EUR \/ Tag bei 6 Pers.,\u00a0erster Tag 360 EUR*, ab dem zweiten Tag 140 EUR \/ Tag bei 5 Pers., erster Tag 360 EUR*, ab dem zweiten Tag 140 EUR \/ Tag bei 4 Pers.<\/p>\n<p>In der Hauptsaison Vermietung nur wochenweise bzw. mind. 7 Tage; im Winter nach Absprache; sonst <br \/>Mindestmietdauer 5 \u00dcbernachtungen. Vorauszahlung von 50,- Euro pro Person bei Vertragsabschluss<\/p>\n<p>*Inklusive Endreinigung<\/p>\n<h4><a href=\"https:\/\/amrumferien-nebel.de\/v2018\/wp-content\/uploads\/2018\/02\/laufhuette_3.jpg\"><img loading=\"lazy\" decoding=\"async\" class=\"alignleft wp-image-276\" style=\"margin-bottom: 30px;\" src=\"https:\/\/amrumferien-nebel.de\/v2018\/wp-content\/uploads\/2018\/02\/laufhuette_3-300x216.jpg\" alt=\"\" width=\"300\" height=\"216\" srcset=\"https:\/\/amrumferien-nebel.de\/v2018\/wp-content\/uploads\/2018\/02\/laufhuette_3-300x216.jpg 300w, https:\/\/amrumferien-nebel.de\/v2018\/wp-content\/uploads\/2018\/02\/laufhuette_3-768x553.jpg 768w, https:\/\/amrumferien-nebel.de\/v2018\/wp-content\/uploads\/2018\/02\/laufhuette_3-1024x737.jpg 1024w\" sizes=\"auto, (max-width: 300px) 100vw, 300px\" \/><\/a>Nebenkosten:<\/h4>\n<p>Kurabgabe 1,80 &#8211; 3,50 Euro \/ Person und Tag<br \/>\nBettw\u00e4sche Pro Person 16,00 \u20ac<\/p>\n","protected":false},"excerpt":{"rendered":"<div class=\"entry-summary\">\nANGEBOT im Juni 2026: 5 Tage zum Preis von 4 Tagen und 6 Tage zum Preis von 5 Tagen !!!&hellip;\n<\/div>\n<div class=\"link-more\"><a href=\"https:\/\/amrumferien-nebel.de\/?page_id=72\" class=\"more-link\">Continue reading<span class=\"screen-reader-text\"> &ldquo;Norddorf &#8211; Nei Stich 31a &#8211; Haus f\u00fcr bis zu 7 Personen&rdquo;<\/span>&hellip;<\/a><\/div>\n","protected":false},"author":1,"featured_media":0,"parent":2,"menu_order":4,"comment_status":"closed","ping_status":"closed","template":"","meta":{"_acf_changed":false,"footnotes":""},"class_list":["post-72","page","type-page","status-publish","hentry","entry"],"acf":[],"jetpack_shortlink":"https:\/\/wp.me\/P9Ii4n-1a","jetpack_sharing_enabled":true,"_links":{"self":[{"href":"https:\/\/amrumferien-nebel.de\/index.php?rest_route=\/wp\/v2\/pages\/72","targetHints":{"allow":["GET"]}}],"collection":[{"href":"https:\/\/amrumferien-nebel.de\/index.php?rest_route=\/wp\/v2\/pages"}],"about":[{"href":"https:\/\/amrumferien-nebel.de\/index.php?rest_route=\/wp\/v2\/types\/page"}],"author":[{"embeddable":true,"href":"https:\/\/amrumferien-nebel.de\/index.php?rest_route=\/wp\/v2\/users\/1"}],"replies":[{"embeddable":true,"href":"https:\/\/amrumferien-nebel.de\/index.php?rest_route=%2Fwp%2Fv2%2Fcomments&post=72"}],"version-history":[{"count":10,"href":"https:\/\/amrumferien-nebel.de\/index.php?rest_route=\/wp\/v2\/pages\/72\/revisions"}],"predecessor-version":[{"id":1765,"href":"https:\/\/amrumferien-nebel.de\/index.php?rest_route=\/wp\/v2\/pages\/72\/revisions\/1765"}],"up":[{"embeddable":true,"href":"https:\/\/amrumferien-nebel.de\/index.php?rest_route=\/wp\/v2\/pages\/2"}],"wp:attachment":[{"href":"https:\/\/amrumferien-nebel.de\/index.php?rest_route=%2Fwp%2Fv2%2Fmedia&parent=72"}],"curies":[{"name":"wp","href":"https:\/\/api.w.org\/{rel}","templated":true}]}}