{"id":2,"date":"2018-01-27T14:27:04","date_gmt":"2018-01-27T14:27:04","guid":{"rendered":"http:\/\/amrumferien-nebel.de\/2018\/?page_id=2"},"modified":"2026-01-16T16:55:20","modified_gmt":"2026-01-16T15:55:20","slug":"sample-page","status":"publish","type":"page","link":"https:\/\/amrumferien-nebel.de\/","title":{"rendered":"Herzlich willkommen"},"content":{"rendered":"<div id=\"preloader\"><img loading=\"lazy\" decoding=\"async\" src=\"https:\/\/amrumferien-nebel.de\/v2018\/wp-content\/uploads\/2018\/02\/smaeswai_1-1-1-300x188.jpg\" width=\"1\" height=\"1\"><br \/>\n<img loading=\"lazy\" decoding=\"async\" src=\"https:\/\/amrumferien-nebel.de\/v2018\/wp-content\/uploads\/2018\/02\/amrum_map_nebel-300x188.jpg\" width=\"1\" height=\"1\"><br \/>\n<img loading=\"lazy\" decoding=\"async\" src=\"https:\/\/amrumferien-nebel.de\/v2018\/wp-content\/uploads\/2018\/02\/neistich_a-1-300x188.jpg\" width=\"1\" height=\"1\"><br \/>\n<img loading=\"lazy\" decoding=\"async\" src=\"https:\/\/amrumferien-nebel.de\/v2018\/wp-content\/uploads\/2018\/02\/amrum_map_norddorf-300x188.jpg\" width=\"1\" height=\"1\"><br \/>\n<img loading=\"lazy\" decoding=\"async\" src=\"https:\/\/amrumferien-nebel.de\/v2018\/wp-content\/uploads\/2018\/02\/neistich_haus_b_300-300x188.jpg\" width=\"1\" height=\"1\"><br \/>\n<img loading=\"lazy\" decoding=\"async\" src=\"https:\/\/amrumferien-nebel.de\/v2018\/wp-content\/uploads\/2018\/02\/friesenhaus_1_300-300x188.jpg\" width=\"1\" height=\"1\"><br \/>\n<img loading=\"lazy\" decoding=\"async\" src=\"https:\/\/amrumferien-nebel.de\/v2018\/wp-content\/uploads\/2018\/02\/friesenhof_haus2_300-300x188.jpg\" width=\"1\" height=\"1\"><\/div>\n<p>Sie suchen eine gem\u00fctliche und geschmackvoll eingerichtete Wohnung in Nebel oder Norddorf!?<br \/>\nWir glauben, Sie finden sie bei uns und werden sich sehr wohl f\u00fchlen. Schauen Sie sich um!<\/p>\n<h4><\/h4>\n<p>&nbsp;<br \/>\n<a href=\"?page_id=66\"><\/a><\/p>\n<p><a href=\"?page_id=66\"><\/a><\/p>\n<p><a href=\"?page_id=66\"><\/p>\n<div class=\"smaeswai alignleft size-medium wp-image-209\"><\/div>\n<h4>Nebel &#8211;&nbsp;Sm\u00e4swai 1<\/h4>\n<p><\/a><a href=\"?page_id=66\"><\/a><a href=\"?page_id=66\"><\/a>Eine Maisonette-Ferienwohnung im Friesenhaus mit Reetdach. Komfort mit Terrasse und Gartennutzung. Zwei Schlafzimmer, Wohnzimmer mit Kaminofen, K\u00fcche, Garderobe, G\u00e4ste-WC und Bad. Das im Juli 2005 fertiggestellte Ferienhaus liegt im historischen Ortskern von Nebel. Der Garten kann gemeinsam mit anderen G\u00e4sten genutzt werden.<br \/>\n<a href=\"?page_id=72\"><\/a><\/p>\n<p><a href=\"?page_id=72\"><\/a><\/p>\n<p><a href=\"?page_id=72\"><\/p>\n<div class=\"neistich_a alignleft size-medium wp-image-252\"><\/div>\n<h4>Norddorf &#8211;&nbsp;Nei Stich 31a <span id=\"rabatt_headline\"> \/\/ Juni Angebot<\/span><\/h4>\n<p><\/a>Friesenhaus mit Reetdach, Komfort f\u00fcr 4-7 Personen mit Terrasse und Gartennutzung. 4 Schlafzimmer, Wohnzimmer mit Kaminofen, K\u00fcche, Garderobe, G\u00e4ste WC+Du und Vollbad. Das im Juli 2009 fertiggestellte Ferienhaus liegt am \u00f6stlichen Ortsrand von Norddorf. Der gro\u00dfe, parkartig angelegte Garten kann gemeinsam mit anderen G\u00e4sten genutzt werden.<br \/>\n<a href=\"?page_id=75\"><\/a><\/p>\n<p><a href=\"?page_id=75\"><\/a><\/p>\n<p><a href=\"?page_id=75\"><\/p>\n<div class=\"neistich_b alignleft size-medium wp-image-596\"><\/div>\n<h4>Norddorf &#8211;&nbsp;Nei Stich 31b<\/h4>\n<p><\/a><a href=\"?page_id=75\"><\/a><a href=\"?page_id=75\"><\/a>Eine 4 Personen Maisonette-Ferienwohnung im Friesenhaus mit Reetdach. Die Wohnung 3 ist ein separater Geb\u00e4udeteil, durch ein Nebengeb\u00e4ude getrennt von den beiden anderen Wohnungen. Viel Komfort inklusive Garten und Terrasse. 2 Schlafzimmer, Wohnzimmer mit Klavier und Kaminofen, K\u00fcche, Garderobe, 2 B\u00e4der mit Dusche. Das im Juli 2009 fertiggestellte Friesenhaus liegt am \u00f6stlichen Ortsrand von Norddorf in ruhiger Lage. Der gro\u00dfe Garten kann gemeinsam mit anderen G\u00e4sten genutzt werden.<br \/>\n<a href=\"?page_id=86\"><\/a><\/p>\n<p><a href=\"?page_id=86\"><\/a><\/p>\n<p><a href=\"?page_id=86\"><\/p>\n<div class=\"friesenhaus_2 alignleft size-medium wp-image-600\"><\/div>\n<h4>Norddorf &#8211;&nbsp;Friesenhof Wohnung 4<\/h4>\n<p><\/a><a href=\"?page_id=86\"><\/a><a href=\"?page_id=86\"><\/a>Die Wohnung 4 liegt im Dachgeschoss vom Haus 2 und wird separat \u00fcber ein gemeinsames Treppenhaus mt der Nachbarwohnung vom Hof aus erschlossen. Zur Wohnung geh\u00f6rt ein Balkon mit Sitzgelegenheit sowie ein reservierter, abgepflanzter Sitzbereich mit Strandkorb im gemeinsamen gro\u00dfen Garten.<\/p>\n","protected":false},"excerpt":{"rendered":"<div class=\"entry-summary\">\nSie suchen eine gem\u00fctliche und geschmackvoll eingerichtete Wohnung in Nebel oder Norddorf!? Wir glauben, Sie finden sie bei uns und&hellip;\n<\/div>\n<div class=\"link-more\"><a href=\"https:\/\/amrumferien-nebel.de\/\" class=\"more-link\">Continue reading<span class=\"screen-reader-text\"> &ldquo;Herzlich willkommen&rdquo;<\/span>&hellip;<\/a><\/div>\n","protected":false},"author":1,"featured_media":0,"parent":0,"menu_order":0,"comment_status":"closed","ping_status":"open","template":"","meta":{"_acf_changed":false,"footnotes":""},"class_list":["post-2","page","type-page","status-publish","hentry","entry"],"acf":[],"jetpack_shortlink":"https:\/\/wp.me\/P9Ii4n-2","jetpack_sharing_enabled":true,"_links":{"self":[{"href":"https:\/\/amrumferien-nebel.de\/index.php?rest_route=\/wp\/v2\/pages\/2","targetHints":{"allow":["GET"]}}],"collection":[{"href":"https:\/\/amrumferien-nebel.de\/index.php?rest_route=\/wp\/v2\/pages"}],"about":[{"href":"https:\/\/amrumferien-nebel.de\/index.php?rest_route=\/wp\/v2\/types\/page"}],"author":[{"embeddable":true,"href":"https:\/\/amrumferien-nebel.de\/index.php?rest_route=\/wp\/v2\/users\/1"}],"replies":[{"embeddable":true,"href":"https:\/\/amrumferien-nebel.de\/index.php?rest_route=%2Fwp%2Fv2%2Fcomments&post=2"}],"version-history":[{"count":10,"href":"https:\/\/amrumferien-nebel.de\/index.php?rest_route=\/wp\/v2\/pages\/2\/revisions"}],"predecessor-version":[{"id":1792,"href":"https:\/\/amrumferien-nebel.de\/index.php?rest_route=\/wp\/v2\/pages\/2\/revisions\/1792"}],"wp:attachment":[{"href":"https:\/\/amrumferien-nebel.de\/index.php?rest_route=%2Fwp%2Fv2%2Fmedia&parent=2"}],"curies":[{"name":"wp","href":"https:\/\/api.w.org\/{rel}","templated":true}]}}